{"id":26,"date":"2021-09-08T15:41:24","date_gmt":"2021-09-08T15:41:24","guid":{"rendered":"https:\/\/putnudarzs.eu\/?page_id=26"},"modified":"2024-12-05T13:51:36","modified_gmt":"2024-12-05T13:51:36","slug":"uznemsana","status":"publish","type":"page","link":"https:\/\/putnudarzs.eu\/lv\/uznemsana\/","title":{"rendered":"Uznemsana"},"content":{"rendered":"\r\n\r\n\r\n\r\n<li class=\"first-hide\"> \u0100ra aktivit\u0101t\u0113m un laikapst\u0101k\u013ciem atbilsto\u0161s ap\u0123\u0113rbs. Ziemas sezon\u0101: ziemas kombinezons un divi p\u0101ri \u016bdensnecaurlaid\u012bgu silto cimdu, ziemas cepure, \u0161alle un z\u0101baki; pavasar\u012b un ruden\u012b: mitrumiztur\u012bgs ap\u0123\u0113rbs, gumijas z\u0101baki, cepure, \u0161alle un \u016bdensnecaurlaid\u012bgi cimdi. B\u0113rnu komfortam rekomend\u0113jam termo ve\u013cu v\u0113s\u0101kam laikam, bet t\u0101 nav oblig\u0101ta pras\u012bba. Vasar\u0101 \u2013 viegls ap\u0123\u0113rbs, sandales vai sl\u0113gtie apavi un galvassega.<\/li>\r\n<li class=\"second-hide\"> Zobu higi\u0113nas piederumi.<\/li>\r\n\n\n\r\n\r\n\r\n\r\n<li class=\"first-hide\"> Mitr\u0101s salvetes, auti\u0146biks\u012btes, p\u0113c nepiecie\u0161am\u012bbas.<\/li>\r\n<li class=\"second-hide\"> Uzpild\u0101ma \u016bdens kr\u016bze vai pudele.<\/li>\r\n\n\n\r\n\r\n\r\n\r\n<li class=\"first-hide\"> \u0136emme un matu gumijas, ja nepiecie\u0161ams.<\/li>\r\n<li class=\"second-hide\"> Piegu\u013co\u0161i un b\u0113rnam \u0113rti mai\u0146as apavi iek\u0161telp\u0101m.<\/li>\r\n\n\n\r\n\r\n\r\n\r\n<li class=\"second-hide\"> Tr\u012bs mai\u0146as ap\u0123\u0113rbu komplekti iek\u0161telp\u0101m \u2013 ze\u0137es\/ze\u0137ubikses; ap\u0123\u0113rbs un apavi sporta nodarb\u012bb\u0101m. Maz\u0101kajiem b\u0113rniem iesak\u0101m piecus mai\u0146as ap\u0123\u0113rbu komplektus.<\/li>\r\n\n\n\r\n\r\n\r\n\r\n<li class=\"second-hide\"> M\u012b\u013cmanta un pid\u017eama.<\/li>\r\n","protected":false},"excerpt":{"rendered":"","protected":false},"author":7,"featured_media":0,"parent":0,"menu_order":0,"comment_status":"closed","ping_status":"closed","template":"page-uznemsana.php","meta":{"_acf_changed":false,"footnotes":""},"class_list":["post-26","page","type-page","status-publish","hentry"],"acf":[],"_links":{"self":[{"href":"https:\/\/putnudarzs.eu\/lv\/wp-json\/wp\/v2\/pages\/26","targetHints":{"allow":["GET"]}}],"collection":[{"href":"https:\/\/putnudarzs.eu\/lv\/wp-json\/wp\/v2\/pages"}],"about":[{"href":"https:\/\/putnudarzs.eu\/lv\/wp-json\/wp\/v2\/types\/page"}],"author":[{"embeddable":true,"href":"https:\/\/putnudarzs.eu\/lv\/wp-json\/wp\/v2\/users\/7"}],"replies":[{"embeddable":true,"href":"https:\/\/putnudarzs.eu\/lv\/wp-json\/wp\/v2\/comments?post=26"}],"version-history":[{"count":47,"href":"https:\/\/putnudarzs.eu\/lv\/wp-json\/wp\/v2\/pages\/26\/revisions"}],"predecessor-version":[{"id":1028,"href":"https:\/\/putnudarzs.eu\/lv\/wp-json\/wp\/v2\/pages\/26\/revisions\/1028"}],"wp:attachment":[{"href":"https:\/\/putnudarzs.eu\/lv\/wp-json\/wp\/v2\/media?parent=26"}],"curies":[{"name":"wp","href":"https:\/\/api.w.org\/{rel}","templated":true}]}}