{"id":35,"date":"2021-09-09T07:16:42","date_gmt":"2021-09-09T07:16:42","guid":{"rendered":"https:\/\/putnudarzs.eu\/?page_id=35"},"modified":"2025-10-31T17:57:28","modified_gmt":"2025-10-31T17:57:28","slug":"buj","status":"publish","type":"page","link":"https:\/\/putnudarzs.eu\/lv\/buj\/","title":{"rendered":"BUJ"},"content":{"rendered":"\r\n       <div id=\"1\" class=\"question-container\">\r\n                <h4>K\u0101p\u0113c tie\u0161i <em>Reggio Emilia<\/em> pieeja?<\/h4>                <button onclick=\"openQuestionFull(1)\"><img decoding=\"async\" src=\"https:\/\/putnudarzs.eu\/wp-content\/themes\/pandago-child-2\/assets\/img\/arrow red.png\" alt=\"arrow\"><\/button>\r\n                <p><em>Putnu d\u0101rza<\/em> dibin\u0101t\u0101ju pamatdarbs ir saist\u012bts ar valod\u0101m un da\u017e\u0101d\u0101m valodu tehnolo\u0123ij\u0101m. Kop\u0161 2008. gada, bie\u017eajos darba braucienos, apmekl\u0113jot t\u0101das uz\u0146\u0113m\u0113jdarb\u012bbas citadeles k\u0101 Sanfrancisko un Sil\u012bcija ieleja, <em>Putnu d\u0101rza<\/em> dibin\u0101t\u0101ji paman\u012bja, ka daudzi vi\u0146u klienti un kol\u0113\u0123i saviem b\u0113rniem izv\u0113las <em>Reggio Emilia<\/em> pieejas skolas. Atbildot uz jaut\u0101jumu \u201cK\u0101p\u0113c tie\u0161i <em>Reggio Emilia<\/em>\u00a0pieeja?\u201d, tika sniegta atbilde, ka \u0161\u012b pieeja b\u0113rniem sniedz pla\u0161a spektra iema\u0146as jau no agras b\u0113rn\u012bbas, iem\u0101ca sadarboties un str\u0101d\u0101t komand\u0101, izmantot savu rado\u0161o potenci\u0101lu, b\u016bt emp\u0101tiskiem pret apk\u0101rt\u0113jiem un nebaid\u012bties b\u016bt cit\u0101diem. Min\u0113tie argumenti <em>Putnu d\u0101rza<\/em>\u00a0dibin\u0101t\u0101jiem bija pamudin\u0101jums atv\u0113rt Latvij\u0101 pirmo <em>Reggio Emilia<\/em> pieejas pirmsskolu savu darbinieku un citu vec\u0101ku b\u0113rniem, kuriem \u0161\u012b pedago\u0123ijas <a href=\"https:\/\/putnudarzs.eu\/par-mums\/\">pieeja<\/a> un <a href=\"https:\/\/putnudarzs.eu\/#principi\">principi<\/a> ir tuvi.<\/p>\r\n            <\/div>\n\n\r\n       <div id=\"2\" class=\"question-container\">\r\n                <h4>Cik daudz b\u0113rnu ir <em>Putnu d\u0101rz\u0101<\/em>?<\/h4>                <button onclick=\"openQuestionFull(2)\"><img decoding=\"async\" src=\"https:\/\/putnudarzs.eu\/wp-content\/themes\/pandago-child-2\/assets\/img\/arrow red.png\" alt=\"arrow\"><\/button>\r\n                <p><em>Putnu d\u0101rzs<\/em> ir neliela pirmsskola, kur\u0101 pasauli vienlaic\u012bgi izzina ne vair\u0101k k\u0101 55 b\u0113rni. <em>Putnu d\u0101rz\u0101<\/em> str\u0101d\u0101 septi\u0146i pilna laika pedagogi un pedagogu pal\u012bgi, k\u0101 ar\u012b papildus tiek piesaist\u012bti ang\u013cu valodas, b\u0113rnu jogas, <em>Numicon<\/em> un m\u016bzikas speci\u0101listi, kuri b\u0113rniem v\u0101r\u0101kas reizes ned\u0113\u013c\u0101 vada nodarb\u012bbas.<\/p>\r\n            <\/div>\n\n\r\n       <div id=\"3\" class=\"question-container\">\r\n                <h4>Kur atrodas <em>Putnu d\u0101rzs<\/em>?<\/h4>                <button onclick=\"openQuestionFull(3)\"><img decoding=\"async\" src=\"https:\/\/putnudarzs.eu\/wp-content\/themes\/pandago-child-2\/assets\/img\/arrow red.png\" alt=\"arrow\"><\/button>\r\n                <p><em>Putnu d\u0101rzs <\/em>atrodas \u0100genskalna sird\u012b, <a href=\"https:\/\/goo.gl\/maps\/U7HqRnLa9mfjnSGu7\">Slokas iel\u0101 41A<\/a>, v\u0113sturisk\u0101j\u0101 <em>H\u0101ma\u0146a mui\u017ei\u0146\u0101<\/em>, kuras renov\u0101cija tika pabeigta 2022. gad\u0101. Telpas tika veidotas atbilsto\u0161i <a href=\"https:\/\/putnudarzs.eu\/par-mums\/\"><em>Reggio Emilia<\/em> pieejas<\/a> pirmsskolas konceptam. <em>Putnu d\u0101rzam<\/em> ir savs, pla\u0161s pagalms, kur\u0101 b\u0113rniem ir iesp\u0113ja rado\u0161i darboties un br\u012bvi rota\u013c\u0101ties. Esam ar\u012b bie\u017ei viesi Latvijas Universit\u0101tes bot\u0101niskaj\u0101 d\u0101rz\u0101, kas atrodas blakus.<\/p>\r\n            <\/div>\n\n\r\n       <div id=\"4\" class=\"question-container\">\r\n                <h4>Kur es varu vair\u0101k uzzin\u0101t par <em>Reggio Emilia<\/em> pieeju?<\/h4>                <button onclick=\"openQuestionFull(4)\"><img decoding=\"async\" src=\"https:\/\/putnudarzs.eu\/wp-content\/themes\/pandago-child-2\/assets\/img\/arrow red.png\" alt=\"arrow\"><\/button>\r\n                <p>Par <em>Reggio Emilia<\/em> pieeju internet\u0101 bag\u0101t\u012bgi materi\u0101li ir atrodami ang\u013cu valod\u0101, mekl\u0113jot p\u0113c atsl\u0113gas v\u0101rdiem \u201c<em>Reggio Emilia<\/em> approach\u201d.<br \/>\r\n<br \/>\r\nKonceptu\u0101lu priek\u0161statu par<em> Reggio Emilia<\/em> pieeju var ieg\u016bt \u0161eit: <a href=\"https:\/\/www.reggiochildren.it\/en\/reggio-emilia-approach\/\">https:\/\/www.reggiochildren.it\/en\/reggio-emilia-approach\/<\/a><br \/>\r\n<br \/>\r\n<em>North American Reggio Emilia Alliance<\/em> &#8211; <a href=\"https:\/\/www.reggioalliance.org\/\">https:\/\/www.reggioalliance.org\/<\/a><br \/>\r\n<br \/>\r\n<em>We Skoolhouse<\/em> &#8211; <a href=\"https:\/\/weskoolhouse.com\/\">https:\/\/weskoolhouse.com\/<\/a><br \/>\r\n<br \/>\r\n<em>Fairy Dust Teaching<\/em> &#8211; <a href=\"https:\/\/fairydustteaching.com\/\">https:\/\/fairydustteaching.com\/<\/a><br \/>\r\n<br \/>\r\nViena no visaptvero\u0161\u0101kaj\u0101m gr\u0101mat\u0101m par <em>Reggio Emilia<\/em> pieeju ir <em>Carolyn Edwards, Lella Gandini, George Forman, The Hundred Languages of Children: The Reggio Emilia Experience in Transformation.<\/em><\/p>\r\n            <\/div>\n\n\n<p><\/p>\n\n\n\r\n       <div id=\"5\" class=\"question-container\">\r\n                <h4>Kur es varu atrast <em>Putnu d\u0101rza<\/em> pa\u0161nov\u0113rt\u0113juma zi\u0146ojumus?<\/h4>                <button onclick=\"openQuestionFull(5)\"><img decoding=\"async\" src=\"https:\/\/putnudarzs.eu\/wp-content\/themes\/pandago-child-2\/assets\/img\/arrow red.png\" alt=\"arrow\"><\/button>\r\n                <p><em>Putnu d\u0101rza<\/em> pa\u0161nov\u0113rt\u0113juma zi\u0146ojumi atrodami \u0161eit:<br \/>\r\n<br \/>\r\n<a href=\"https:\/\/drive.google.com\/file\/d\/1JAExTeo4ZGr66tqpGX4w-2kMY83mPpQp\/view?usp=drive_link\">2022. un 2023. m\u0101c\u012bbu gada<\/a> pa\u0161nov\u0113rt\u0113juma zi\u0146ojums.<br \/>\r\n<br \/>\r\n<a href=\"https:\/\/drive.google.com\/file\/d\/1NX127BRypiyszq9Dxq-2waLzz37LAdUb\/view?usp=drive_link\">2023. un 2024. m\u0101c\u012bbu gada<\/a> pa\u0161nov\u0113rt\u0113juma zi\u0146ojums.<br \/>\r\n<br \/>\r\n<a href=\"https:\/\/drive.google.com\/file\/d\/15H8CEDeldVetCIUOP5pI1UGvS3FExh2h\/view?usp=share_link\">2024. un 2025. m\u0101c\u012bbu gada<\/a> pa\u0161nov\u0113rt\u0113juma zi\u0146ojums.<\/p>\r\n            <\/div>\n\n\r\n       <div id=\"6\" class=\"question-container\">\r\n                <h4>Kas ir <em>Numicon<\/em>?<\/h4>                <button onclick=\"openQuestionFull(6)\"><img decoding=\"async\" src=\"https:\/\/putnudarzs.eu\/wp-content\/themes\/pandago-child-2\/assets\/img\/arrow red.png\" alt=\"arrow\"><\/button>\r\n                <p><a href=\"https:\/\/home.oxfordowl.co.uk\/maths\/numicon-guide-for-parents\/\"><em>Numicon<\/em><\/a> ir pasaul\u0113 zin\u0101ma izgl\u012bt\u012bbas metode, kas paredz\u0113ta matem\u0101tikas m\u0101c\u012b\u0161anai maziem b\u0113rniem, izmantojot praktisku un vizu\u0101lu m\u0101c\u012b\u0161anas pieeju. <em>Numicon<\/em> ir izveidojusi <em>Oxford University Press<\/em>, t\u0101s m\u0113r\u0137is ir padar\u012bt abstraktus matem\u0101tiskus j\u0113dzienus konkr\u0113t\u0101kus un saprotam\u0101kus, veicinot dzi\u013c\u0101ku izpratni un m\u012blest\u012bbu pret matem\u0101tiku jau no agras b\u0113rn\u012bbas.<br \/>\r\n<br \/>\r\n<em>Numicon<\/em> pamat\u0101 ir kr\u0101sainu plastmasas fig\u016bru s\u0113rija, katra no t\u0101m p\u0101rst\u0101v da\u017e\u0101dus skait\u013cus. \u0160\u012bs fig\u016bras var savienot da\u017e\u0101dos veidos, \u013caujot b\u0113rniem vizu\u0101li un fiziski izp\u0113t\u012bt matem\u0101tisk\u0101s attiec\u012bbas un j\u0113dzienus, piem\u0113ram, skait\u012b\u0161anu, saskait\u012b\u0161anu, at\u0146em\u0161anu un pat agr\u012bno reizin\u0101\u0161anu un dal\u012b\u0161anu. <em>Numicon<\/em> taust\u0101m\u0101 daba pal\u012bdz b\u0113rniem att\u012bst\u012bt skait\u013cu izpratni un uzlabo vi\u0146u sp\u0113ju vizualiz\u0113t un lietot skait\u013cus.<br \/>\r\n<br \/>\r\n<em>Numicon <\/em>ir \u012bpa\u0161i efekt\u012bva metode, jo taj\u0101 ir iesaist\u012btas vair\u0101kas ma\u0146as. Apvienojot vizu\u0101las, dzirdes un kinest\u0113tiskas aktivit\u0101tes, <em>Numicon<\/em> piel\u0101gojas da\u017e\u0101diem m\u0101c\u012b\u0161an\u0101s veidiem, padarot to par iek\u013caujo\u0161u izgl\u012bt\u012bbas r\u012bku. \u0160\u012b daudzma\u0146u pieeja ne tikai veicina b\u0113rnu interesi par matem\u0101tiku, bet ar\u012b veicina matem\u0101tisko j\u0113dzienu izpratni.<br \/>\r\n<br \/>\r\nViena no <em>Numicon<\/em> metodes stipraj\u0101m pus\u0113m ir t\u0101s struktur\u0113t\u0101 un taj\u0101 pa\u0161\u0101 laik\u0101 elast\u012bg\u0101 pieeja. Skolot\u0101ji var integr\u0113t <em>Numicon<\/em> savos eso\u0161ajos m\u0101c\u012bbu pl\u0101nos un izmantot to, lai papildin\u0101tu un padar\u012btu b\u0113rniem interesant\u0101kas matem\u0101tikas nodarb\u012bbas. <em>Numicon<\/em> b\u0113rniem pal\u012bdz sistem\u0101tiski apg\u016bt matem\u0101tisko principu pamatus.<br \/>\r\n<br \/>\r\n<em>Numicon<\/em> ir noder\u012bga metode b\u0113rniem ar \u012bpa\u0161\u0101m izgl\u012bt\u012bbas vajadz\u012bb\u0101m. Skaidr\u0101, vizu\u0101l\u0101 un taust\u0101m\u0101 pieeja padara matem\u0101tiku pieejam\u0101ku un maz\u0101k bied\u0113jo\u0161u, veicinot b\u0113rnos p\u0101rliec\u012bbu par sav\u0101m sp\u0113j\u0101m.<br \/>\r\n<br \/>\r\n<em>Numicon<\/em> ir vair\u0101k nek\u0101 tikai m\u0101c\u012bbu r\u012bks \u2013 t\u0101 ir visaptvero\u0161a programma, kas maina veidu, k\u0101 matem\u0101tika tiek m\u0101c\u012bta un apg\u016bta, padarot to par v\u0113rt\u012bgu pieeju agr\u012bn\u0101s b\u0113rn\u012bbas izgl\u012bt\u012bb\u0101. <em>Numicon<\/em> veicina pozit\u012bvu, interakt\u012bvu m\u0101c\u012bbu vidi un pal\u012bdz b\u0113rniem att\u012bst\u012bt b\u016btiskas matem\u0101tisk\u0101s prasmes, kas noder\u0113s vi\u0146iem akad\u0113miskaj\u0101 un ikdienas dz\u012bv\u0113.<\/p>\r\n            <\/div>","protected":false},"excerpt":{"rendered":"","protected":false},"author":7,"featured_media":0,"parent":0,"menu_order":0,"comment_status":"closed","ping_status":"closed","template":"","meta":{"_acf_changed":false,"footnotes":""},"class_list":["post-35","page","type-page","status-publish","hentry"],"acf":[],"_links":{"self":[{"href":"https:\/\/putnudarzs.eu\/lv\/wp-json\/wp\/v2\/pages\/35","targetHints":{"allow":["GET"]}}],"collection":[{"href":"https:\/\/putnudarzs.eu\/lv\/wp-json\/wp\/v2\/pages"}],"about":[{"href":"https:\/\/putnudarzs.eu\/lv\/wp-json\/wp\/v2\/types\/page"}],"author":[{"embeddable":true,"href":"https:\/\/putnudarzs.eu\/lv\/wp-json\/wp\/v2\/users\/7"}],"replies":[{"embeddable":true,"href":"https:\/\/putnudarzs.eu\/lv\/wp-json\/wp\/v2\/comments?post=35"}],"version-history":[{"count":53,"href":"https:\/\/putnudarzs.eu\/lv\/wp-json\/wp\/v2\/pages\/35\/revisions"}],"predecessor-version":[{"id":1067,"href":"https:\/\/putnudarzs.eu\/lv\/wp-json\/wp\/v2\/pages\/35\/revisions\/1067"}],"wp:attachment":[{"href":"https:\/\/putnudarzs.eu\/lv\/wp-json\/wp\/v2\/media?parent=35"}],"curies":[{"name":"wp","href":"https:\/\/api.w.org\/{rel}","templated":true}]}}